{"id":587,"date":"2020-06-28T06:35:21","date_gmt":"2020-06-28T06:35:21","guid":{"rendered":"https:\/\/demo.xpeedstudio.com\/carrental\/home-v4\/?page_id=587"},"modified":"2024-06-29T12:31:23","modified_gmt":"2024-06-29T12:31:23","slug":"contact","status":"publish","type":"page","link":"https:\/\/eaglerent.al\/sq\/contact\/","title":{"rendered":"Kontakte"},"content":{"rendered":"<div data-elementor-type=\"wp-page\" data-elementor-id=\"587\" class=\"elementor elementor-587\">\n\t\t\t\t\t\t<section class=\"elementor-section elementor-top-section elementor-element elementor-element-94cd6f7 elementor-section-full_width elementor-section-height-default elementor-section-height-default elementor-invisible\" data-id=\"94cd6f7\" data-element_type=\"section\" data-settings=\"{&quot;animation&quot;:&quot;fadeInUp&quot;}\">\n\t\t\t\t\t\t<div class=\"elementor-container elementor-column-gap-no\">\n\t\t\t\t\t<div class=\"elementor-column elementor-col-100 elementor-top-column elementor-element elementor-element-91660a9\" data-id=\"91660a9\" data-element_type=\"column\">\n\t\t\t<div class=\"elementor-widget-wrap\">\n\t\t\t\t\t\t\t<\/div>\n\t\t<\/div>\n\t\t\t\t\t<\/div>\n\t\t<\/section>\n\t\t<div class=\"elementor-element elementor-element-2c777e8 e-con-full e-flex e-con e-parent\" data-id=\"2c777e8\" data-element_type=\"container\">\n\t\t<div class=\"elementor-element elementor-element-46a45ea e-con-full e-flex e-con e-child\" data-id=\"46a45ea\" data-element_type=\"container\">\n\t\t\t\t<div class=\"elementor-element elementor-element-2039e17 elementor-widget elementor-widget-google_maps\" data-id=\"2039e17\" data-element_type=\"widget\" data-widget_type=\"google_maps.default\">\n\t\t\t\t<div class=\"elementor-widget-container\">\n\t\t\t\t\t\t\t<div class=\"elementor-custom-embed\">\n\t\t\t<iframe loading=\"lazy\"\n\t\t\t\t\tsrc=\"https:\/\/maps.google.com\/maps?q=Eagle%20Car%20Rental%20Nj%C3%ABsia%20Bashkiake%20Nr.10%2C%20Rruga%20Reshit%20%C3%87ollaku%20Pallatet%20Shallvare%2C%20Shkalla%205%2C%20Ap.58%2C%20Kati%201%2C%20Tirana%201010&#038;t=m&#038;z=17&#038;output=embed&#038;iwloc=near\"\n\t\t\t\t\ttitle=\"Eagle Car Rental Nj\u00ebsia Bashkiake Nr.10, Rruga Reshit \u00c7ollaku Pallatet Shallvare, Shkalla 5, Ap.58, Kati 1, Tirana 1010\"\n\t\t\t\t\taria-label=\"Eagle Car Rental Nj\u00ebsia Bashkiake Nr.10, Rruga Reshit \u00c7ollaku Pallatet Shallvare, Shkalla 5, Ap.58, Kati 1, Tirana 1010\"\n\t\t\t><\/iframe>\n\t\t<\/div>\n\t\t\t\t\t\t<\/div>\n\t\t\t\t<\/div>\n\t\t\t\t<\/div>\n\t\t<div class=\"elementor-element elementor-element-2028729 e-con-full e-flex e-con e-child\" data-id=\"2028729\" data-element_type=\"container\">\n\t\t\t\t<div class=\"elementor-element elementor-element-d6943f9 elementor-widget elementor-widget-html\" data-id=\"d6943f9\" data-element_type=\"widget\" data-widget_type=\"html.default\">\n\t\t\t\t<div class=\"elementor-widget-container\">\n\t\t\t\t\t<iframe src=\"https:\/\/www.google.com\/maps\/embed?pb=!1m14!1m8!1m3!1d11967.987482544873!2d19.7132606!3d41.4175866!3m2!1i1024!2i768!4f13.1!3m3!1m2!1s0x1350334087c1c68f%3A0xc01194a84a605756!2sEagle%20Car%20Rental%20Tirana%20Airport!5e0!3m2!1sen!2s!4v1715550791042!5m2!1sen!2s\" width=\"600\" height=\"450\" style=\"border:0;\" allowfullscreen=\"\" loading=\"lazy\" referrerpolicy=\"no-referrer-when-downgrade\"><\/iframe>\t\t\t\t<\/div>\n\t\t\t\t<\/div>\n\t\t\t\t<\/div>\n\t\t\t\t<\/div>\n\t\t\t\t<section class=\"elementor-section elementor-top-section elementor-element elementor-element-def1083 elementor-section-boxed elementor-section-height-default elementor-section-height-default elementor-invisible\" data-id=\"def1083\" data-element_type=\"section\" data-settings=\"{&quot;background_background&quot;:&quot;classic&quot;,&quot;animation&quot;:&quot;fadeInUp&quot;}\">\n\t\t\t\t\t\t<div class=\"elementor-container elementor-column-gap-default\">\n\t\t\t\t\t<div class=\"elementor-column elementor-col-50 elementor-top-column elementor-element elementor-element-a6d00be\" data-id=\"a6d00be\" data-element_type=\"column\">\n\t\t\t<div class=\"elementor-widget-wrap elementor-element-populated\">\n\t\t\t\t\t\t<div class=\"elementor-element elementor-element-9f769f8 elementor-widget__width-initial elementor-widget elementor-widget-elementskit-heading\" data-id=\"9f769f8\" data-element_type=\"widget\" data-widget_type=\"elementskit-heading.default\">\n\t\t\t\t<div class=\"elementor-widget-container\">\n\t\t\t\t\t<div class=\"ekit-wid-con\" ><div class=\"ekit-heading elementskit-section-title-wraper text_left   ekit_heading_tablet-   ekit_heading_mobile-\"><h2 class=\"ekit-heading--title elementskit-section-title\">Informacion i detajuar?<\/h2>\t\t\t\t<div class='ekit-heading__description'>\n\t\t\t\t\t<p>Zyra<img fetchpriority=\"high\" decoding=\"async\" class=\"alignnone size-medium wp-image-3155\" src=\"https:\/\/eaglerent.al\/wp-content\/uploads\/2024\/06\/qrcode-300x300.png\" alt=\"\" width=\"300\" height=\"300\" srcset=\"https:\/\/eaglerent.al\/wp-content\/uploads\/2024\/06\/qrcode-300x300.png 300w, https:\/\/eaglerent.al\/wp-content\/uploads\/2024\/06\/qrcode-150x150.png 150w, https:\/\/eaglerent.al\/wp-content\/uploads\/2024\/06\/qrcode-768x768.png 768w, https:\/\/eaglerent.al\/wp-content\/uploads\/2024\/06\/qrcode-12x12.png 12w, https:\/\/eaglerent.al\/wp-content\/uploads\/2024\/06\/qrcode.png 1000w\" sizes=\"(max-width: 300px) 100vw, 300px\" \/><\/p>\n\t\t\t\t<\/div>\n\t\t\t<\/div><\/div>\t\t\t\t<\/div>\n\t\t\t\t<\/div>\n\t\t\t\t<div class=\"elementor-element elementor-element-d4dc143 elementor-icon-list--layout-traditional elementor-list-item-link-full_width elementor-widget elementor-widget-icon-list\" data-id=\"d4dc143\" data-element_type=\"widget\" data-widget_type=\"icon-list.default\">\n\t\t\t\t<div class=\"elementor-widget-container\">\n\t\t\t\t\t\t\t<ul class=\"elementor-icon-list-items\">\n\t\t\t\t\t\t\t<li class=\"elementor-icon-list-item\">\n\t\t\t\t\t\t\t\t\t\t\t<span class=\"elementor-icon-list-icon\">\n\t\t\t\t\t\t\t<svg aria-hidden=\"true\" class=\"e-font-icon-svg e-fas-phone-alt\" viewbox=\"0 0 512 512\" xmlns=\"http:\/\/www.w3.org\/2000\/svg\"><path d=\"M497.39 361.8l-112-48a24 24 0 0 0-28 6.9l-49.6 60.6A370.66 370.66 0 0 1 130.6 204.11l60.6-49.6a23.94 23.94 0 0 0 6.9-28l-48-112A24.16 24.16 0 0 0 122.6.61l-104 24A24 24 0 0 0 0 48c0 256.5 207.9 464 464 464a24 24 0 0 0 23.4-18.6l24-104a24.29 24.29 0 0 0-14.01-27.6z\"><\/path><\/svg>\t\t\t\t\t\t<\/span>\n\t\t\t\t\t\t\t\t\t\t<span class=\"elementor-icon-list-text\"><a href=\"tel:+355 (0) 69 91 633 88 \">+355 (0) 69 91 633 88<\/a><\/span>\n\t\t\t\t\t\t\t\t\t<\/li>\n\t\t\t\t\t\t\t\t<li class=\"elementor-icon-list-item\">\n\t\t\t\t\t\t\t\t\t\t\t<span class=\"elementor-icon-list-icon\">\n\t\t\t\t\t\t\t<i aria-hidden=\"true\" class=\"icon icon-mail\"><\/i>\t\t\t\t\t\t<\/span>\n\t\t\t\t\t\t\t\t\t\t<span class=\"elementor-icon-list-text\"><a href=\"mailto:reservations@eaglerent.al\">reservations@eaglerent.al<\/a><\/span>\n\t\t\t\t\t\t\t\t\t<\/li>\n\t\t\t\t\t\t\t\t<li class=\"elementor-icon-list-item\">\n\t\t\t\t\t\t\t\t\t\t\t<span class=\"elementor-icon-list-icon\">\n\t\t\t\t\t\t\t<i aria-hidden=\"true\" class=\"icon icon-map-marker\"><\/i>\t\t\t\t\t\t<\/span>\n\t\t\t\t\t\t\t\t\t\t<span class=\"elementor-icon-list-text\">Rr. Ibrahim Rugova, Pallatet e Shallavareve, P\u00ebrball\u00eb Tajvanit, Tiran\u00eb Shqip\u00ebri<\/span>\n\t\t\t\t\t\t\t\t\t<\/li>\n\t\t\t\t\t\t\t\t<li class=\"elementor-icon-list-item\">\n\t\t\t\t\t\t\t\t\t\t\t<span class=\"elementor-icon-list-icon\">\n\t\t\t\t\t\t\t<i aria-hidden=\"true\" class=\"icon icon-map-marker\"><\/i>\t\t\t\t\t\t<\/span>\n\t\t\t\t\t\t\t\t\t\t<span class=\"elementor-icon-list-text\">Aeroporti Nd\u00ebrkomb\u00ebtar i Tiran\u00ebs, Tiran\u00eb, Shqip\u00ebri<\/span>\n\t\t\t\t\t\t\t\t\t<\/li>\n\t\t\t\t\t\t<\/ul>\n\t\t\t\t\t\t<\/div>\n\t\t\t\t<\/div>\n\t\t\t\t\t<\/div>\n\t\t<\/div>\n\t\t\t\t<div class=\"elementor-column elementor-col-50 elementor-top-column elementor-element elementor-element-8e2f6d6\" data-id=\"8e2f6d6\" data-element_type=\"column\">\n\t\t\t<div class=\"elementor-widget-wrap elementor-element-populated\">\n\t\t\t\t\t\t<div class=\"elementor-element elementor-element-f36b2f3 elementor-widget elementor-widget-metform\" data-id=\"f36b2f3\" data-element_type=\"widget\" data-widget_type=\"metform.default\">\n\t\t\t\t<div class=\"elementor-widget-container\">\n\t\t\t\t\t<div id=\"mf-response-props-id-1253\" data-previous-steps-style=\"\" data-editswitchopen=\"\" data-response_type=\"alert\" data-erroricon=\"fas fa-exclamation-triangle\" data-successicon=\"fas fa-check\" data-messageposition=\"top\" class=\"mf-scroll-top-no\">\n\t\t<div class=\"formpicker_warper formpicker_warper_editable\" data-metform-formpicker-key=\"1253\" >\n\t\t\t\t\n\t\t\t<div class=\"mf-widget-container\">\n\t\t\t\t\r\n\t\t<div\r\n\t\t\tid=\"metform-wrap-f36b2f3-1253\"\r\n\t\t\tclass=\"mf-form-wrapper\"\r\n\t\t\tdata-form-id=\"1253\"\r\n\t\t\tdata-action=\"https:\/\/eaglerent.al\/sq\/wp-json\/metform\/v1\/entries\/insert\/1253\"\r\n\t\t\tdata-wp-nonce=\"af4fbca5e6\"\r\n\t\t\tdata-form-nonce=\"30fb341271\"\r\n\t\t\tdata-quiz-summery = \"false\"\r\n\t\t\tdata-save-progress = \"false\"\r\n\t\t\tdata-form-type=\"contact_form\"\r\n\t\t\tdata-stop-vertical-effect=\"\"\r\n\t\t\t><\/div>\r\n\r\n\r\n\t\t<!----------------------------- \r\n\t\t\t* controls_data : find the the props passed indie of data attribute\r\n\t\t\t* props.SubmitResponseMarkup : contains the markup of error or success message\r\n\t\t\t* https:\/\/developer.mozilla.org\/en-US\/docs\/Web\/JavaScript\/Reference\/Template_literals\r\n\t\t--------------------------- -->\r\n\r\n\t\t\t\t<script type=\"text\/mf\" class=\"mf-template\">\r\n\t\t\tfunction controls_data (value){\r\n\t\t\t\tlet currentWrapper = \"mf-response-props-id-1253\";\r\n\t\t\t\tlet currentEl = document.getElementById(currentWrapper);\r\n\t\t\t\t\r\n\t\t\t\treturn currentEl ? currentEl.dataset[value] : false\r\n\t\t\t}\r\n\r\n\r\n\t\t\tlet is_edit_mode = '' ? true : false;\r\n\t\t\tlet message_position = controls_data('messageposition') || 'top';\r\n\r\n\t\t\t\r\n\t\t\tlet message_successIcon = controls_data('successicon') || '';\r\n\t\t\tlet message_errorIcon = controls_data('erroricon') || '';\r\n\t\t\tlet message_editSwitch = controls_data('editswitchopen') === 'yes' ? true : false;\r\n\t\t\tlet message_proClass = controls_data('editswitchopen') === 'yes' ? 'mf_pro_activated' : '';\r\n\t\t\t\r\n\t\t\tlet is_dummy_markup = is_edit_mode && message_editSwitch ? true : false;\r\n\r\n\t\t\t\r\n\t\t\treturn html`\r\n\t\t\t\t<form\r\n\t\t\t\t\tclassName=\"metform-form-content\"\r\n\t\t\t\t\tref=${parent.formContainerRef}\r\n\t\t\t\t\tonSubmit=${ validation.handleSubmit( parent.handleFormSubmit ) }\r\n\t\t\t\t\r\n\t\t\t\t\t>\r\n\t\t\t\r\n\t\t\t\r\n\t\t\t\t\t${is_dummy_markup ? message_position === 'top' ?  props.ResponseDummyMarkup(message_successIcon, message_proClass) : '' : ''}\r\n\t\t\t\t\t${is_dummy_markup ? ' ' :  message_position === 'top' ? props.SubmitResponseMarkup`${parent}${state}${message_successIcon}${message_errorIcon}${message_proClass}` : ''}\r\n\r\n\t\t\t\t\t<!--------------------------------------------------------\r\n\t\t\t\t\t*** IMPORTANT \/ DANGEROUS ***\r\n\t\t\t\t\t${html``} must be used as in immediate child of \"metform-form-main-wrapper\"\r\n\t\t\t\t\tclass otherwise multistep form will not run at all\r\n\t\t\t\t\t---------------------------------------------------------->\r\n\r\n\t\t\t\t\t<div className=\"metform-form-main-wrapper\" key=${'hide-form-after-submit'} ref=${parent.formRef}>\r\n\t\t\t\t\t${html`\r\n\t\t\t\t\t\t\t\t<div data-elementor-type=\"wp-post\" key=\"2\" data-elementor-id=\"1253\" className=\"elementor elementor-1253\">\n\t\t\t\t\t\t<section className=\"elementor-section elementor-top-section elementor-element elementor-element-9786135 elementor-section-boxed elementor-section-height-default elementor-section-height-default\" data-id=\"9786135\" data-element_type=\"section\">\n\t\t\t\t\t\t<div className=\"elementor-container elementor-column-gap-default\">\n\t\t\t\t\t<div className=\"elementor-column elementor-col-100 elementor-top-column elementor-element elementor-element-55fea0c\" data-id=\"55fea0c\" data-element_type=\"column\">\n\t\t\t<div className=\"elementor-widget-wrap elementor-element-populated\">\n\t\t\t\t\t\t<div className=\"elementor-element elementor-element-7ac7137 elementor-widget elementor-widget-mf-text\" data-id=\"7ac7137\" data-element_type=\"widget\" data-settings=\"{&quot;mf_input_name&quot;:&quot;mf-text&quot;}\" data-widget_type=\"mf-text.default\">\n\t\t\t\t<div className=\"elementor-widget-container\">\n\t\t\t\t\t\r\n\t\t<div className=\"mf-input-wrapper\">\r\n\t\t\t\t\t\t\t<label className=\"mf-input-label\" htmlFor=\"mf-input-text-7ac7137\">\r\n\t\t\t\t\t${ parent.decodeEntities(`Full Name`) } \t\t\t\t\t<span className=\"mf-input-required-indicator\">*<\/span>\r\n\t\t\t\t<\/label>\r\n\t\t\t\r\n\t\t\t<input\r\n\t\t\t\ttype=\"text\"\r\n\t\t\t\tclassName=\"mf-input \"\r\n\t\t\t\tid=\"mf-input-text-7ac7137\"\r\n\t\t\t\tname=\"mf-text\"\r\n\t\t\t\tplaceholder=\"${ parent.decodeEntities(`E.g: &quot;Juan Carlos&quot;`) } \"\r\n\t\t\t\t\t\t\t\t\tonInput=${parent.handleChange}\r\n\t\t\t\t\tonBlur=${parent.handleChange}\r\n\t\t\t\t\taria-invalid=${validation.errors['mf-text'] ? 'true' : 'false'}\r\n\t\t\t\t\tref=${el =>{\r\n\t\t\t\t\t\t\t\t\t\t\t\tparent.activateValidation({\"message\":\"This field is required.\",\"minLength\":1,\"maxLength\":\"\",\"type\":\"none\",\"required\":true,\"expression\":\"null\"}, el)\r\n\t\t\t\t\t}}\r\n\t\t\t\t\t\t\t\t\/>\r\n\r\n\t\t\t\t\t\t\t<${validation.ErrorMessage}\r\n\t\t\t\t\terrors=${validation.errors}\r\n\t\t\t\t\tname=\"mf-text\"\r\n\t\t\t\t\tas=${html`<span className=\"mf-error-message\"><\/span>`}\r\n\t\t\t\t\t\/>\r\n\t\t\t\r\n\t\t\t\t\t<\/div>\r\n\r\n\t\t\t\t\t\t<\/div>\n\t\t\t\t<\/div>\n\t\t\t\t<div className=\"elementor-element elementor-element-da6d074 elementor-widget elementor-widget-mf-text\" data-id=\"da6d074\" data-element_type=\"widget\" data-settings=\"{&quot;mf_input_name&quot;:&quot;mf-email&quot;}\" data-widget_type=\"mf-text.default\">\n\t\t\t\t<div className=\"elementor-widget-container\">\n\t\t\t\t\t\r\n\t\t<div className=\"mf-input-wrapper\">\r\n\t\t\t\t\t\t\t<label className=\"mf-input-label\" htmlFor=\"mf-input-text-da6d074\">\r\n\t\t\t\t\t${ parent.decodeEntities(`Email Address`) } \t\t\t\t\t<span className=\"mf-input-required-indicator\">*<\/span>\r\n\t\t\t\t<\/label>\r\n\t\t\t\r\n\t\t\t<input\r\n\t\t\t\ttype=\"text\"\r\n\t\t\t\tclassName=\"mf-input \"\r\n\t\t\t\tid=\"mf-input-text-da6d074\"\r\n\t\t\t\tname=\"mf-email\"\r\n\t\t\t\tplaceholder=\"${ parent.decodeEntities(`mail@example.com`) } \"\r\n\t\t\t\t\t\t\t\t\tonInput=${parent.handleChange}\r\n\t\t\t\t\tonBlur=${parent.handleChange}\r\n\t\t\t\t\taria-invalid=${validation.errors['mf-email'] ? 'true' : 'false'}\r\n\t\t\t\t\tref=${el =>{\r\n\t\t\t\t\t\t\t\t\t\t\t\tparent.activateValidation({\"message\":\"This field is required.\",\"minLength\":1,\"maxLength\":\"\",\"type\":\"none\",\"required\":true,\"expression\":\"null\"}, el)\r\n\t\t\t\t\t}}\r\n\t\t\t\t\t\t\t\t\/>\r\n\r\n\t\t\t\t\t\t\t<${validation.ErrorMessage}\r\n\t\t\t\t\terrors=${validation.errors}\r\n\t\t\t\t\tname=\"mf-email\"\r\n\t\t\t\t\tas=${html`<span className=\"mf-error-message\"><\/span>`}\r\n\t\t\t\t\t\/>\r\n\t\t\t\r\n\t\t\t\t\t<\/div>\r\n\r\n\t\t\t\t\t\t<\/div>\n\t\t\t\t<\/div>\n\t\t\t\t<div className=\"elementor-element elementor-element-6c8fe2b elementor-widget elementor-widget-mf-textarea\" data-id=\"6c8fe2b\" data-element_type=\"widget\" data-settings=\"{&quot;mf_input_name&quot;:&quot;mf-textarea&quot;}\" data-widget_type=\"mf-textarea.default\">\n\t\t\t\t<div className=\"elementor-widget-container\">\n\t\t\t\t\t\r\n\t\t<div className=\"mf-input-wrapper\">\r\n\t\t\t\t\t\t\t<label className=\"mf-input-label\" htmlFor=\"mf-input-text-area-6c8fe2b\">\r\n\t\t\t\t\t${ parent.decodeEntities(`Tell me about it`) } \t\t\t\t\t<span className=\"mf-input-required-indicator\">*<\/span>\r\n\t\t\t\t<\/label>\r\n\t\t\t\r\n\t\t\t<textarea className=\"mf-input mf-textarea \" id=\"mf-input-text-area-6c8fe2b\"\r\n\t\t\t\tname=\"mf-textarea\" \r\n\t\t\t\tplaceholder=\"${ parent.decodeEntities(`write here..`) } \"\r\n\t\t\t\tcols=\"30\" rows=\"10\"\r\n\t\t\t\t\t\t\t\t\tonInput=${ parent.handleChange }\r\n\t\t\t\t\taria-invalid=${validation.errors['mf-textarea'] ? 'true' : 'false'}\r\n\t\t\t\t\tref=${ el => parent.activateValidation({\"message\":\"This field is required.\",\"minLength\":1,\"maxLength\":\"\",\"type\":\"none\",\"required\":true,\"expression\":\"null\"}, el)}\r\n\t\t\t\t\t\t\t\t><\/textarea>\r\n\r\n\t\t\t\t\t\t\t<${validation.ErrorMessage}\r\n\t\t\t\t\terrors=${validation.errors}\r\n\t\t\t\t\tname=\"mf-textarea\"\r\n\t\t\t\t\tas=${html`<span className=\"mf-error-message\"><\/span>`}\r\n\t\t\t\t\t\/>\r\n\t\t\t\t\t\t\t\t<\/div>\r\n\r\n\t\t\t\t\t\t<\/div>\n\t\t\t\t<\/div>\n\t\t\t\t<div className=\"elementor-element elementor-element-eeaa904 mf-btn--left elementor-widget elementor-widget-mf-button\" data-id=\"eeaa904\" data-element_type=\"widget\" data-widget_type=\"mf-button.default\">\n\t\t\t\t<div className=\"elementor-widget-container\">\n\t\t\t\t\t\t\t<div className=\"mf-btn-wraper \" data-mf-form-conditional-logic-requirement=\"\">\r\n\t\t\t\t\t\t\t<button type=\"submit\" className=\"metform-btn metform-submit-btn xs_button_style\" id=\"\">\r\n\t\t\t\t\t<i aria-hidden=\"true\" className=\"icon icon-message-1\"><\/i>\t\t\t\t\t<span>${ parent.decodeEntities(`Send Message`) } <\/span>\r\n\t\t\t\t<\/button>\r\n\t\t\t        <\/div>\r\n        \t\t\t\t<\/div>\n\t\t\t\t<\/div>\n\t\t\t\t\t<\/div>\n\t\t<\/div>\n\t\t\t\t\t<\/div>\n\t\t<\/section>\n\t\t\t\t<\/div>\n\t\t\t\t\t\t\t`}\r\n\t\t\t\t\t<\/div>\r\n\r\n\t\t\t\t\t${is_dummy_markup ? message_position === 'bottom' ? props.ResponseDummyMarkup(message_successIcon, message_proClass) : '' : ''}\r\n\t\t\t\t\t${is_dummy_markup ? ' ' : message_position === 'bottom' ? props.SubmitResponseMarkup`${parent}${state}${message_successIcon}${message_errorIcon}${message_proClass}` : ''}\r\n\t\t\t\t\r\n\t\t\t\t<\/form>\r\n\t\t\t`\r\n\t\t<\/script>\r\n\r\n\t\t\t\t\t<\/div>\n\t\t<\/div>\n\t\t<\/div>\t\t\t\t<\/div>\n\t\t\t\t<\/div>\n\t\t\t\t\t<\/div>\n\t\t<\/div>\n\t\t\t\t\t<\/div>\n\t\t<\/section>\n\t\t\t\t<section class=\"elementor-section elementor-top-section elementor-element elementor-element-a3fd6cb elementor-section-content-middle elementor-section-boxed elementor-section-height-default elementor-section-height-default elementor-invisible\" data-id=\"a3fd6cb\" data-element_type=\"section\" data-settings=\"{&quot;background_background&quot;:&quot;classic&quot;,&quot;animation&quot;:&quot;fadeInUp&quot;}\">\n\t\t\t\t\t\t\t<div class=\"elementor-background-overlay\"><\/div>\n\t\t\t\t\t\t\t<div class=\"elementor-container elementor-column-gap-default\">\n\t\t\t\t\t<div class=\"elementor-column elementor-col-50 elementor-top-column elementor-element elementor-element-5e6389a\" data-id=\"5e6389a\" data-element_type=\"column\">\n\t\t\t<div class=\"elementor-widget-wrap elementor-element-populated\">\n\t\t\t\t\t\t<div class=\"elementor-element elementor-element-3b6bf38 elementor-widget elementor-widget-elementskit-heading\" data-id=\"3b6bf38\" data-element_type=\"widget\" data-widget_type=\"elementskit-heading.default\">\n\t\t\t\t<div class=\"elementor-widget-container\">\n\t\t\t\t\t<div class=\"ekit-wid-con\" ><div class=\"ekit-heading elementskit-section-title-wraper text_left   ekit_heading_tablet-text_center   ekit_heading_mobile-text_left\"><h2 class=\"ekit-heading--title elementskit-section-title\">Rezervoni nj\u00eb makin\u00eb duke na kontaktuar<\/h2><\/div><\/div>\t\t\t\t<\/div>\n\t\t\t\t<\/div>\n\t\t\t\t\t<\/div>\n\t\t<\/div>\n\t\t\t\t<div class=\"elementor-column elementor-col-50 elementor-top-column elementor-element elementor-element-597eaa7\" data-id=\"597eaa7\" data-element_type=\"column\">\n\t\t\t<div class=\"elementor-widget-wrap elementor-element-populated\">\n\t\t\t\t\t\t<div class=\"elementor-element elementor-element-c3a64d4 elementor-align-center elementor-tablet-align-center elementor-mobile-align-left elementor-icon-list--layout-traditional elementor-list-item-link-full_width elementor-widget elementor-widget-icon-list\" data-id=\"c3a64d4\" data-element_type=\"widget\" data-widget_type=\"icon-list.default\">\n\t\t\t\t<div class=\"elementor-widget-container\">\n\t\t\t\t\t\t\t<ul class=\"elementor-icon-list-items\">\n\t\t\t\t\t\t\t<li class=\"elementor-icon-list-item\">\n\t\t\t\t\t\t\t\t\t\t\t<span class=\"elementor-icon-list-icon\">\n\t\t\t\t\t\t\t<svg aria-hidden=\"true\" class=\"e-font-icon-svg e-fas-phone-alt\" viewbox=\"0 0 512 512\" xmlns=\"http:\/\/www.w3.org\/2000\/svg\"><path d=\"M497.39 361.8l-112-48a24 24 0 0 0-28 6.9l-49.6 60.6A370.66 370.66 0 0 1 130.6 204.11l60.6-49.6a23.94 23.94 0 0 0 6.9-28l-48-112A24.16 24.16 0 0 0 122.6.61l-104 24A24 24 0 0 0 0 48c0 256.5 207.9 464 464 464a24 24 0 0 0 23.4-18.6l24-104a24.29 24.29 0 0 0-14.01-27.6z\"><\/path><\/svg>\t\t\t\t\t\t<\/span>\n\t\t\t\t\t\t\t\t\t\t<span class=\"elementor-icon-list-text\">Telefono p\u00ebr rezervim<\/span>\n\t\t\t\t\t\t\t\t\t<\/li>\n\t\t\t\t\t\t<\/ul>\n\t\t\t\t\t\t<\/div>\n\t\t\t\t<\/div>\n\t\t\t\t<div class=\"elementor-element elementor-element-262f7d7 elementor-widget elementor-widget-elementskit-heading\" data-id=\"262f7d7\" data-element_type=\"widget\" data-widget_type=\"elementskit-heading.default\">\n\t\t\t\t<div class=\"elementor-widget-container\">\n\t\t\t\t\t<div class=\"ekit-wid-con\" ><div class=\"ekit-heading elementskit-section-title-wraper text_right   ekit_heading_tablet-text_center   ekit_heading_mobile-text_left\"><h2 class=\"ekit-heading--title elementskit-section-title\"><a href=\"tel:+355 (0) 69 91 633 88\">+355 (0) 69 91 633 88<\/a><\/h2><\/div><\/div>\t\t\t\t<\/div>\n\t\t\t\t<\/div>\n\t\t\t\t\t<\/div>\n\t\t<\/div>\n\t\t\t\t\t<\/div>\n\t\t<\/section>\n\t\t\t\t<\/div>","protected":false},"excerpt":{"rendered":"<p>Need additional information? Office +355 (0) 69 91 633 88 reservations@eaglerent.al St. Ibrahim Rugova, Shallvare Palaces, Opposite Taiwan Complex, Tirana, Albania TIA Airport, Tirana, Albania Book a car by getting in touch with us Call to book +355 (0) 69 91 633 88<\/p>","protected":false},"author":3,"featured_media":0,"parent":0,"menu_order":0,"comment_status":"closed","ping_status":"closed","template":"template\/full-width-template.php","meta":{"_acf_changed":false,"footnotes":""},"class_list":["post-587","page","type-page","status-publish","hentry"],"acf":[],"_links":{"self":[{"href":"https:\/\/eaglerent.al\/sq\/wp-json\/wp\/v2\/pages\/587","targetHints":{"allow":["GET"]}}],"collection":[{"href":"https:\/\/eaglerent.al\/sq\/wp-json\/wp\/v2\/pages"}],"about":[{"href":"https:\/\/eaglerent.al\/sq\/wp-json\/wp\/v2\/types\/page"}],"author":[{"embeddable":true,"href":"https:\/\/eaglerent.al\/sq\/wp-json\/wp\/v2\/users\/3"}],"replies":[{"embeddable":true,"href":"https:\/\/eaglerent.al\/sq\/wp-json\/wp\/v2\/comments?post=587"}],"version-history":[{"count":75,"href":"https:\/\/eaglerent.al\/sq\/wp-json\/wp\/v2\/pages\/587\/revisions"}],"predecessor-version":[{"id":3158,"href":"https:\/\/eaglerent.al\/sq\/wp-json\/wp\/v2\/pages\/587\/revisions\/3158"}],"wp:attachment":[{"href":"https:\/\/eaglerent.al\/sq\/wp-json\/wp\/v2\/media?parent=587"}],"curies":[{"name":"wp","href":"https:\/\/api.w.org\/{rel}","templated":true}]}}